{"id":8,"date":"2017-02-03T12:44:13","date_gmt":"2017-02-03T12:44:13","guid":{"rendered":"https:\/\/2018.cusco.wordcamp.org\/speakers\/"},"modified":"2018-08-25T16:10:00","modified_gmt":"2018-08-25T21:10:00","slug":"ponentes","status":"publish","type":"page","link":"https:\/\/cusco.wordcamp.org\/2018\/ponentes\/","title":{"rendered":"Ponentes"},"content":{"rendered":"<p>Mira quienes ya confirmaron su participaci\u00f3n<\/p>\n<div id='gallery-1' class='gallery galleryid-8 gallery-columns-3 gallery-size-large'><figure class='gallery-item'>\n\t\t\t<div class='gallery-icon landscape'>\n\t\t\t\t<img loading=\"lazy\" decoding=\"async\" width=\"525\" height=\"525\" src=\"https:\/\/cusco.wordcamp.org\/2018\/files\/2018\/08\/Dise\u00f1os-WordCamp-publicaciones-1024x1024.png\" class=\"attachment-large size-large\" alt=\"\" srcset=\"https:\/\/cusco.wordcamp.org\/2018\/files\/2018\/08\/Dise\u00f1os-WordCamp-publicaciones-1024x1024.png 1024w, https:\/\/cusco.wordcamp.org\/2018\/files\/2018\/08\/Dise\u00f1os-WordCamp-publicaciones-150x150.png 150w, https:\/\/cusco.wordcamp.org\/2018\/files\/2018\/08\/Dise\u00f1os-WordCamp-publicaciones-300x300.png 300w, https:\/\/cusco.wordcamp.org\/2018\/files\/2018\/08\/Dise\u00f1os-WordCamp-publicaciones-768x768.png 768w, https:\/\/cusco.wordcamp.org\/2018\/files\/2018\/08\/Dise\u00f1os-WordCamp-publicaciones.png 1200w, https:\/\/cusco.wordcamp.org\/2018\/files\/2018\/08\/Dise\u00f1os-WordCamp-publicaciones-100x100.png 100w\" sizes=\"auto, 100vw\" \/>\n\t\t\t<\/div><\/figure><figure class='gallery-item'>\n\t\t\t<div class='gallery-icon landscape'>\n\t\t\t\t<img loading=\"lazy\" decoding=\"async\" width=\"525\" height=\"525\" src=\"https:\/\/cusco.wordcamp.org\/2018\/files\/2018\/08\/Dise\u00f1os-WordCamp-publicaciones2-1024x1024.png\" class=\"attachment-large size-large\" alt=\"\" srcset=\"https:\/\/cusco.wordcamp.org\/2018\/files\/2018\/08\/Dise\u00f1os-WordCamp-publicaciones2-1024x1024.png 1024w, https:\/\/cusco.wordcamp.org\/2018\/files\/2018\/08\/Dise\u00f1os-WordCamp-publicaciones2-150x150.png 150w, https:\/\/cusco.wordcamp.org\/2018\/files\/2018\/08\/Dise\u00f1os-WordCamp-publicaciones2-300x300.png 300w, https:\/\/cusco.wordcamp.org\/2018\/files\/2018\/08\/Dise\u00f1os-WordCamp-publicaciones2-768x768.png 768w, https:\/\/cusco.wordcamp.org\/2018\/files\/2018\/08\/Dise\u00f1os-WordCamp-publicaciones2.png 1200w, https:\/\/cusco.wordcamp.org\/2018\/files\/2018\/08\/Dise\u00f1os-WordCamp-publicaciones2-100x100.png 100w\" sizes=\"auto, 100vw\" \/>\n\t\t\t<\/div><\/figure><figure class='gallery-item'>\n\t\t\t<div class='gallery-icon landscape'>\n\t\t\t\t<img loading=\"lazy\" decoding=\"async\" width=\"525\" height=\"525\" src=\"https:\/\/cusco.wordcamp.org\/2018\/files\/2018\/08\/Dise\u00f1os-WordCamp-publicaciones2ef-1024x1024.png\" class=\"attachment-large size-large\" alt=\"\" srcset=\"https:\/\/cusco.wordcamp.org\/2018\/files\/2018\/08\/Dise\u00f1os-WordCamp-publicaciones2ef-1024x1024.png 1024w, https:\/\/cusco.wordcamp.org\/2018\/files\/2018\/08\/Dise\u00f1os-WordCamp-publicaciones2ef-150x150.png 150w, https:\/\/cusco.wordcamp.org\/2018\/files\/2018\/08\/Dise\u00f1os-WordCamp-publicaciones2ef-300x300.png 300w, https:\/\/cusco.wordcamp.org\/2018\/files\/2018\/08\/Dise\u00f1os-WordCamp-publicaciones2ef-768x768.png 768w, https:\/\/cusco.wordcamp.org\/2018\/files\/2018\/08\/Dise\u00f1os-WordCamp-publicaciones2ef.png 1200w, https:\/\/cusco.wordcamp.org\/2018\/files\/2018\/08\/Dise\u00f1os-WordCamp-publicaciones2ef-100x100.png 100w\" sizes=\"auto, 100vw\" \/>\n\t\t\t<\/div><\/figure><figure class='gallery-item'>\n\t\t\t<div class='gallery-icon landscape'>\n\t\t\t\t<img loading=\"lazy\" decoding=\"async\" width=\"525\" height=\"525\" src=\"https:\/\/cusco.wordcamp.org\/2018\/files\/2018\/08\/Dise\u00f1os-WordCamp-publicaciones3-1024x1024.png\" class=\"attachment-large size-large\" alt=\"\" srcset=\"https:\/\/cusco.wordcamp.org\/2018\/files\/2018\/08\/Dise\u00f1os-WordCamp-publicaciones3-1024x1024.png 1024w, https:\/\/cusco.wordcamp.org\/2018\/files\/2018\/08\/Dise\u00f1os-WordCamp-publicaciones3-150x150.png 150w, https:\/\/cusco.wordcamp.org\/2018\/files\/2018\/08\/Dise\u00f1os-WordCamp-publicaciones3-300x300.png 300w, https:\/\/cusco.wordcamp.org\/2018\/files\/2018\/08\/Dise\u00f1os-WordCamp-publicaciones3-768x768.png 768w, https:\/\/cusco.wordcamp.org\/2018\/files\/2018\/08\/Dise\u00f1os-WordCamp-publicaciones3.png 1200w, https:\/\/cusco.wordcamp.org\/2018\/files\/2018\/08\/Dise\u00f1os-WordCamp-publicaciones3-100x100.png 100w\" sizes=\"auto, 100vw\" \/>\n\t\t\t<\/div><\/figure><figure class='gallery-item'>\n\t\t\t<div class='gallery-icon landscape'>\n\t\t\t\t<img loading=\"lazy\" decoding=\"async\" width=\"525\" height=\"525\" src=\"https:\/\/cusco.wordcamp.org\/2018\/files\/2018\/08\/Dise\u00f1os-WordCamp-publicaciones4-1024x1024.png\" class=\"attachment-large size-large\" alt=\"\" srcset=\"https:\/\/cusco.wordcamp.org\/2018\/files\/2018\/08\/Dise\u00f1os-WordCamp-publicaciones4-1024x1024.png 1024w, https:\/\/cusco.wordcamp.org\/2018\/files\/2018\/08\/Dise\u00f1os-WordCamp-publicaciones4-150x150.png 150w, https:\/\/cusco.wordcamp.org\/2018\/files\/2018\/08\/Dise\u00f1os-WordCamp-publicaciones4-300x300.png 300w, https:\/\/cusco.wordcamp.org\/2018\/files\/2018\/08\/Dise\u00f1os-WordCamp-publicaciones4-768x768.png 768w, https:\/\/cusco.wordcamp.org\/2018\/files\/2018\/08\/Dise\u00f1os-WordCamp-publicaciones4.png 1200w, https:\/\/cusco.wordcamp.org\/2018\/files\/2018\/08\/Dise\u00f1os-WordCamp-publicaciones4-100x100.png 100w\" sizes=\"auto, 100vw\" \/>\n\t\t\t<\/div><\/figure><figure class='gallery-item'>\n\t\t\t<div class='gallery-icon landscape'>\n\t\t\t\t<img loading=\"lazy\" decoding=\"async\" width=\"525\" height=\"525\" src=\"https:\/\/cusco.wordcamp.org\/2018\/files\/2018\/08\/Dise\u00f1os-WordCamp-publicaciones5-1024x1024.png\" class=\"attachment-large size-large\" alt=\"\" srcset=\"https:\/\/cusco.wordcamp.org\/2018\/files\/2018\/08\/Dise\u00f1os-WordCamp-publicaciones5-1024x1024.png 1024w, https:\/\/cusco.wordcamp.org\/2018\/files\/2018\/08\/Dise\u00f1os-WordCamp-publicaciones5-150x150.png 150w, https:\/\/cusco.wordcamp.org\/2018\/files\/2018\/08\/Dise\u00f1os-WordCamp-publicaciones5-300x300.png 300w, https:\/\/cusco.wordcamp.org\/2018\/files\/2018\/08\/Dise\u00f1os-WordCamp-publicaciones5-768x768.png 768w, https:\/\/cusco.wordcamp.org\/2018\/files\/2018\/08\/Dise\u00f1os-WordCamp-publicaciones5.png 1200w, https:\/\/cusco.wordcamp.org\/2018\/files\/2018\/08\/Dise\u00f1os-WordCamp-publicaciones5-100x100.png 100w\" sizes=\"auto, 100vw\" \/>\n\t\t\t<\/div><\/figure><figure class='gallery-item'>\n\t\t\t<div class='gallery-icon landscape'>\n\t\t\t\t<img loading=\"lazy\" decoding=\"async\" width=\"525\" height=\"525\" src=\"https:\/\/cusco.wordcamp.org\/2018\/files\/2018\/08\/Dise\u00f1os-WordCamp-publicaciones6-1024x1024.png\" class=\"attachment-large size-large\" alt=\"\" srcset=\"https:\/\/cusco.wordcamp.org\/2018\/files\/2018\/08\/Dise\u00f1os-WordCamp-publicaciones6-1024x1024.png 1024w, https:\/\/cusco.wordcamp.org\/2018\/files\/2018\/08\/Dise\u00f1os-WordCamp-publicaciones6-150x150.png 150w, https:\/\/cusco.wordcamp.org\/2018\/files\/2018\/08\/Dise\u00f1os-WordCamp-publicaciones6-300x300.png 300w, https:\/\/cusco.wordcamp.org\/2018\/files\/2018\/08\/Dise\u00f1os-WordCamp-publicaciones6-768x768.png 768w, https:\/\/cusco.wordcamp.org\/2018\/files\/2018\/08\/Dise\u00f1os-WordCamp-publicaciones6.png 1200w, https:\/\/cusco.wordcamp.org\/2018\/files\/2018\/08\/Dise\u00f1os-WordCamp-publicaciones6-100x100.png 100w\" sizes=\"auto, 100vw\" \/>\n\t\t\t<\/div><\/figure><figure class='gallery-item'>\n\t\t\t<div class='gallery-icon landscape'>\n\t\t\t\t<img loading=\"lazy\" decoding=\"async\" width=\"525\" height=\"525\" src=\"https:\/\/cusco.wordcamp.org\/2018\/files\/2018\/08\/Dise\u00f1os-WordCamp-publicaciones7-1024x1024.png\" class=\"attachment-large size-large\" alt=\"\" srcset=\"https:\/\/cusco.wordcamp.org\/2018\/files\/2018\/08\/Dise\u00f1os-WordCamp-publicaciones7-1024x1024.png 1024w, https:\/\/cusco.wordcamp.org\/2018\/files\/2018\/08\/Dise\u00f1os-WordCamp-publicaciones7-150x150.png 150w, https:\/\/cusco.wordcamp.org\/2018\/files\/2018\/08\/Dise\u00f1os-WordCamp-publicaciones7-300x300.png 300w, https:\/\/cusco.wordcamp.org\/2018\/files\/2018\/08\/Dise\u00f1os-WordCamp-publicaciones7-768x768.png 768w, https:\/\/cusco.wordcamp.org\/2018\/files\/2018\/08\/Dise\u00f1os-WordCamp-publicaciones7.png 1200w, https:\/\/cusco.wordcamp.org\/2018\/files\/2018\/08\/Dise\u00f1os-WordCamp-publicaciones7-100x100.png 100w\" sizes=\"auto, 100vw\" \/>\n\t\t\t<\/div><\/figure>\n\t\t<\/div>\n\n\n\t<div class=\"wcorg-speakers\">\n\n\t\t\n\t\t\t<!-- Organizers note: The id attribute is deprecated and only remains for backwards compatibility, please use the corresponding class to target individual speakers -->\n\t\t\t<div id=\"wcorg-speaker-luis-alberto-gago-casas\" class=\"wcorg-speaker wcorg-speaker-luis-alberto-gago-casas wcorg-track-sala-b wcorg-track-auditorio\">\n\t\t\t\t<h2>\n\t\t\t\t\t\n\t\t\t\t\t\tLuis Alberto Gago Casas\n\t\t\t\t\t\t\t\t\t<\/h2>\n\n\t\t\t\t<div class=\"wcorg-speaker-description\">\n\t\t\t\t\t<img alt='' src='https:\/\/secure.gravatar.com\/avatar\/de1c05d5a8d821cfd95c807aa381831b2b7858654d5f4b7eb4b9a2cff1933da6?s=100&#038;d=mm&#038;r=g' srcset='https:\/\/secure.gravatar.com\/avatar\/de1c05d5a8d821cfd95c807aa381831b2b7858654d5f4b7eb4b9a2cff1933da6?s=200&#038;d=mm&#038;r=g 2x' class='avatar avatar-100 photo' height='100' width='100' \/>\t\t\t\t\t\t\t\t\t<\/div>\n\t\t\t<\/div>\n\n\t\t\n\t\t\t<!-- Organizers note: The id attribute is deprecated and only remains for backwards compatibility, please use the corresponding class to target individual speakers -->\n\t\t\t<div id=\"wcorg-speaker-edwar-javier\" class=\"wcorg-speaker wcorg-speaker-edwar-javier wcorg-track-auditorio\">\n\t\t\t\t<h2>\n\t\t\t\t\t\n\t\t\t\t\t\tEdwar Javier\n\t\t\t\t\t\t\t\t\t<\/h2>\n\n\t\t\t\t<div class=\"wcorg-speaker-description\">\n\t\t\t\t\t<img alt='' src='https:\/\/secure.gravatar.com\/avatar\/f5c244aae10f30c2c1ea365d7c61da0600b011fb82390bd04584b7250250560c?s=100&#038;d=mm&#038;r=g' srcset='https:\/\/secure.gravatar.com\/avatar\/f5c244aae10f30c2c1ea365d7c61da0600b011fb82390bd04584b7250250560c?s=200&#038;d=mm&#038;r=g 2x' class='avatar avatar-100 photo' height='100' width='100' \/>\t\t\t\t\t<p>Es consultor especializado en marketing digital y ventas con m\u00e1s de 8 a\u00f1os de experiencia en el mundo del Internet. Poseedor de una cartera de clientes de 14 pa\u00edses a quienes ayuda en sus negocios digitales con implementaci\u00f3n de estrategias digitales.<\/p>\n\t\t\t\t<\/div>\n\t\t\t<\/div>\n\n\t\t\n\t\t\t<!-- Organizers note: The id attribute is deprecated and only remains for backwards compatibility, please use the corresponding class to target individual speakers -->\n\t\t\t<div id=\"wcorg-speaker-patricia-baraja-fernandez\" class=\"wcorg-speaker wcorg-speaker-patricia-baraja-fernandez wcorg-track-auditorio\">\n\t\t\t\t<h2>\n\t\t\t\t\t\n\t\t\t\t\t\tPatricia Baraja Fern\u00e1ndez\n\t\t\t\t\t\t\t\t\t<\/h2>\n\n\t\t\t\t<div class=\"wcorg-speaker-description\">\n\t\t\t\t\t<img alt='' src='https:\/\/secure.gravatar.com\/avatar\/98118c41dbe63d985e23b831dd94813e362b3a39867a68b11e37cb6190bbdb0b?s=100&#038;d=mm&#038;r=g' srcset='https:\/\/secure.gravatar.com\/avatar\/98118c41dbe63d985e23b831dd94813e362b3a39867a68b11e37cb6190bbdb0b?s=200&#038;d=mm&#038;r=g 2x' class='avatar avatar-100 photo' height='100' width='100' \/>\t\t\t\t\t<p>Necesitaba una soluci\u00f3n web para mi negocio de artesan\u00eda. Buscando buscando, acab\u00e9 en WordPress.com, de ah\u00ed a la WCSantander(Espa\u00f1a) y finalmente, a mi propia p\u00e1gina. Ahora me estoy especializando en Marketing Digital.<\/p>\n\t\t\t\t<\/div>\n\t\t\t<\/div>\n\n\t\t\n\t\t\t<!-- Organizers note: The id attribute is deprecated and only remains for backwards compatibility, please use the corresponding class to target individual speakers -->\n\t\t\t<div id=\"wcorg-speaker-alex-luna\" class=\"wcorg-speaker wcorg-speaker-alex-luna wcorg-track-auditorio\">\n\t\t\t\t<h2>\n\t\t\t\t\t\n\t\t\t\t\t\tAlex Luna\n\t\t\t\t\t\t\t\t\t<\/h2>\n\n\t\t\t\t<div class=\"wcorg-speaker-description\">\n\t\t\t\t\t<img alt='' src='https:\/\/secure.gravatar.com\/avatar\/02be98519472aba91be5ad98ff1fe7a8c898ef9ca3880c0423cc7384105dd5f7?s=100&#038;d=mm&#038;r=g' srcset='https:\/\/secure.gravatar.com\/avatar\/02be98519472aba91be5ad98ff1fe7a8c898ef9ca3880c0423cc7384105dd5f7?s=200&#038;d=mm&#038;r=g 2x' class='avatar avatar-100 photo' height='100' width='100' \/>\t\t\t\t\t<p>Consultor de Marketing, Gerente de Markefor y presidente del Grupo Genera Corp, miembro de la American Marketing Association \u2013 Special Interest Group of Doctoral Estudents &amp; Marketing Strategy. Investigador en temas de Marketing y Comportamiento del consumidor. Psic\u00f3logo con Maestr\u00eda en Desarrollo Empresarial y Estudiante de Doctorado en Administraci\u00f3n, con estudios de Post grado en neurociencia y modelos de negocio.<\/p>\n\t\t\t\t<\/div>\n\t\t\t<\/div>\n\n\t\t\n\t\t\t<!-- Organizers note: The id attribute is deprecated and only remains for backwards compatibility, please use the corresponding class to target individual speakers -->\n\t\t\t<div id=\"wcorg-speaker-oscar-hugo-paz\" class=\"wcorg-speaker wcorg-speaker-oscar-hugo-paz wcorg-track-auditorio\">\n\t\t\t\t<h2>\n\t\t\t\t\t\n\t\t\t\t\t\tOscar Hugo Paz\n\t\t\t\t\t\t\t\t\t<\/h2>\n\n\t\t\t\t<div class=\"wcorg-speaker-description\">\n\t\t\t\t\t<img alt='' src='https:\/\/secure.gravatar.com\/avatar\/5557145f8bb9f7a89e22975077d9af9c04956b47df9f9c2e1c5534e34cdcb0d3?s=100&#038;d=mm&#038;r=g' srcset='https:\/\/secure.gravatar.com\/avatar\/5557145f8bb9f7a89e22975077d9af9c04956b47df9f9c2e1c5534e34cdcb0d3?s=200&#038;d=mm&#038;r=g 2x' class='avatar avatar-100 photo' height='100' width='100' \/>\t\t\t\t\t<p>Grammar Nazi y corrector de pruebas apasionado por la ling\u00fc\u00edstica funcionalista con m\u00e1s de 10 a\u00f1os de experiencia. Dise\u00f1ador web con enfoque en UX y UX copy. Coorganizador de WordPress Per\u00fa &#8211; Cusco.<\/p>\n\t\t\t\t<\/div>\n\t\t\t<\/div>\n\n\t\t\n\t\t\t<!-- Organizers note: The id attribute is deprecated and only remains for backwards compatibility, please use the corresponding class to target individual speakers -->\n\t\t\t<div id=\"wcorg-speaker-carlos-herrera\" class=\"wcorg-speaker wcorg-speaker-carlos-herrera wcorg-track-auditorio\">\n\t\t\t\t<h2>\n\t\t\t\t\t\n\t\t\t\t\t\tCarlos Herrera\n\t\t\t\t\t\t\t\t\t<\/h2>\n\n\t\t\t\t<div class=\"wcorg-speaker-description\">\n\t\t\t\t\t<img alt='' src='https:\/\/secure.gravatar.com\/avatar\/f47eb02703b705a42d3f4a51233a2038edc1deb9115b563628a35fac40d72150?s=100&#038;d=mm&#038;r=g' srcset='https:\/\/secure.gravatar.com\/avatar\/f47eb02703b705a42d3f4a51233a2038edc1deb9115b563628a35fac40d72150?s=200&#038;d=mm&#038;r=g 2x' class='avatar avatar-100 photo' height='100' width='100' \/>\t\t\t\t\t<p>Programador experto en WordPress residente en Espa\u00f1a y creador de Antonella Framework.<\/p>\n\t\t\t\t<\/div>\n\t\t\t<\/div>\n\n\t\t\n\t\t\t<!-- Organizers note: The id attribute is deprecated and only remains for backwards compatibility, please use the corresponding class to target individual speakers -->\n\t\t\t<div id=\"wcorg-speaker-matias-viera\" class=\"wcorg-speaker wcorg-speaker-matias-viera wcorg-track-sala-a wcorg-track-auditorio\">\n\t\t\t\t<h2>\n\t\t\t\t\t\n\t\t\t\t\t\tMat\u00edas Viera\n\t\t\t\t\t\t\t\t\t<\/h2>\n\n\t\t\t\t<div class=\"wcorg-speaker-description\">\n\t\t\t\t\t<img alt='' src='https:\/\/secure.gravatar.com\/avatar\/d7f9fce16e3807349b7b324e1a2b04c894fdf3e63eedbff3c5683b81914b0949?s=100&#038;d=mm&#038;r=g' srcset='https:\/\/secure.gravatar.com\/avatar\/d7f9fce16e3807349b7b324e1a2b04c894fdf3e63eedbff3c5683b81914b0949?s=200&#038;d=mm&#038;r=g 2x' class='avatar avatar-100 photo' height='100' width='100' \/>\t\t\t\t\t<p>Mat\u00edas es Licenciado en Sistemas de Informaci\u00f3n y Comunicaci\u00f3n, apasionado por WordPress desde el 2009 y es el director de la agencia de marketing digital Programa Uruguay. Se desempe\u00f1a asesorando sobre las mejores estrategias para potenciar productos o servicios de empresas. Es uruguayo fan\u00e1tico del f\u00fatbol y los deportes en general. Organiza eventos sociales y actividades voluntarias. Su charla le dar\u00e1 el matiz necesario para entender que captando el esp\u00edritu de la marca, se logra un plus que ayuda a alcanzar el objetivo. Qu\u00e9 se comunica, c\u00f3mo, en d\u00f3nde y hasta cu\u00e1ndo, son muy importantes para que cada web creada con WordPress sea mejor valorizada y prospere en el mercado. Con ejemplos reales y desde un enfoque universalmente futbolero expondr\u00e1 los principales factores para cuidar la marca y ganar el partido.<\/p>\n\t\t\t\t<\/div>\n\t\t\t<\/div>\n\n\t\t\n\t\t\t<!-- Organizers note: The id attribute is deprecated and only remains for backwards compatibility, please use the corresponding class to target individual speakers -->\n\t\t\t<div id=\"wcorg-speaker-federico-lifsichtz\" class=\"wcorg-speaker wcorg-speaker-federico-lifsichtz wcorg-track-sala-b wcorg-track-auditorio\">\n\t\t\t\t<h2>\n\t\t\t\t\t\n\t\t\t\t\t\tFederico Lifsichtz\n\t\t\t\t\t\t\t\t\t<\/h2>\n\n\t\t\t\t<div class=\"wcorg-speaker-description\">\n\t\t\t\t\t<img alt='' src='https:\/\/secure.gravatar.com\/avatar\/db3bc5b09df5ff1201f3ede9582cae2ec36a3b81de56782c124e7a8765544178?s=100&#038;d=mm&#038;r=g' srcset='https:\/\/secure.gravatar.com\/avatar\/db3bc5b09df5ff1201f3ede9582cae2ec36a3b81de56782c124e7a8765544178?s=200&#038;d=mm&#038;r=g 2x' class='avatar avatar-100 photo' height='100' width='100' \/>\t\t\t\t\t<p>Como egresado de la carrera de Comunicaci\u00f3n Social y Especializaci\u00f3n en Contenidos me resulta f\u00e1cil y ameno disertar en p\u00fablico, tratando siempre de involucrar al mismo en un feedback enriquecedor del tema tratado. He dado charlas de liderazgo, viajes y espiritualidad. Y desde mi incursi\u00f3n en la comunidad WordPress, deseo comenzar a compartir este camino de conocimiento con mis pares wordpresseros\/as. Agradezco a ustedes la oportunidad. Nos vemos en WC Cusco 2018!<\/p>\n\t\t\t\t<\/div>\n\t\t\t<\/div>\n\n\t\t\n\t\t\t<!-- Organizers note: The id attribute is deprecated and only remains for backwards compatibility, please use the corresponding class to target individual speakers -->\n\t\t\t<div id=\"wcorg-speaker-fernando-alvarez\" class=\"wcorg-speaker wcorg-speaker-fernando-alvarez wcorg-track-sala-a wcorg-track-auditorio\">\n\t\t\t\t<h2>\n\t\t\t\t\t\n\t\t\t\t\t\tFernando Alvarez\n\t\t\t\t\t\t\t\t\t<\/h2>\n\n\t\t\t\t<div class=\"wcorg-speaker-description\">\n\t\t\t\t\t<img alt='' src='https:\/\/secure.gravatar.com\/avatar\/7b437e7054ac79493f86406cad1390ccb41d24d2f6d721b903857185d269112c?s=100&#038;d=mm&#038;r=g' srcset='https:\/\/secure.gravatar.com\/avatar\/7b437e7054ac79493f86406cad1390ccb41d24d2f6d721b903857185d269112c?s=200&#038;d=mm&#038;r=g 2x' class='avatar avatar-100 photo' height='100' width='100' \/>\t\t\t\t\t<p>Fernando tiene 26 a\u00f1os, es mercad\u00f3logo y vive en Guadalajara, Mexico. Actualmente es Happiness Engineer en Automattic, los creadores de WooCommerce, WordPress.com y Jetpack. En su d\u00eda a d\u00eda, ayuda a usuarios de WooCommerce a construir sus negocios con este plugin.<\/p>\n\t\t\t\t<\/div>\n\t\t\t<\/div>\n\n\t\t\n\t\t\t<!-- Organizers note: The id attribute is deprecated and only remains for backwards compatibility, please use the corresponding class to target individual speakers -->\n\t\t\t<div id=\"wcorg-speaker-damian-suarez\" class=\"wcorg-speaker wcorg-speaker-damian-suarez wcorg-track-auditorio\">\n\t\t\t\t<h2>\n\t\t\t\t\t\n\t\t\t\t\t\tDami\u00e1n Su\u00e1rez\n\t\t\t\t\t\t\t\t\t<\/h2>\n\n\t\t\t\t<div class=\"wcorg-speaker-description\">\n\t\t\t\t\t<img alt='' src='https:\/\/secure.gravatar.com\/avatar\/9ff3405a86b8178158b444dc6b44fc3ef321c9641b6d95a769956e7b50c26909?s=100&#038;d=mm&#038;r=g' srcset='https:\/\/secure.gravatar.com\/avatar\/9ff3405a86b8178158b444dc6b44fc3ef321c9641b6d95a769956e7b50c26909?s=200&#038;d=mm&#038;r=g 2x' class='avatar avatar-100 photo' height='100' width='100' \/>\t\t\t\t\t<p>Programador autodidacta desde sus primeros a\u00f1os de infancia. Ha transitado distintos caminos tales como programador freelance por varios a\u00f1os. Luego form\u00f3 parte de tres startups la cual la \u00faltima de estas le permiti\u00f3, a trav\u00e9s de una adquisici\u00f3n, ser parte de la gran familia Automattic.<br \/>\nHoy es un feliz miembro m\u00e1s haciendo lo que m\u00e1s le gusta en un entorno por dem\u00e1s favorable. En los \u00faltimos a\u00f1os se ha especializado en Javascript y todo su universo.<br \/>\n#runner. #bricklayer. #blacksmith. #carpenter #web-developer.<\/p>\n\t\t\t\t<\/div>\n\t\t\t<\/div>\n\n\t\t\n\t<\/div>\n\n\t\n","protected":false},"excerpt":{"rendered":"<p>Mira quienes ya confirmaron su participaci\u00f3n<\/p>\n","protected":false},"author":8303482,"featured_media":0,"parent":0,"menu_order":0,"comment_status":"closed","ping_status":"closed","template":"","meta":{"jetpack_post_was_ever_published":false,"footnotes":""},"class_list":["post-8","page","type-page","status-publish","hentry"],"jetpack_sharing_enabled":true,"jetpack_shortlink":"https:\/\/wp.me\/P8mH6N-8","_links":{"self":[{"href":"https:\/\/cusco.wordcamp.org\/2018\/wp-json\/wp\/v2\/pages\/8","targetHints":{"allow":["GET"]}}],"collection":[{"href":"https:\/\/cusco.wordcamp.org\/2018\/wp-json\/wp\/v2\/pages"}],"about":[{"href":"https:\/\/cusco.wordcamp.org\/2018\/wp-json\/wp\/v2\/types\/page"}],"author":[{"embeddable":true,"href":"https:\/\/cusco.wordcamp.org\/2018\/wp-json\/wp\/v2\/users\/8303482"}],"replies":[{"embeddable":true,"href":"https:\/\/cusco.wordcamp.org\/2018\/wp-json\/wp\/v2\/comments?post=8"}],"version-history":[{"count":11,"href":"https:\/\/cusco.wordcamp.org\/2018\/wp-json\/wp\/v2\/pages\/8\/revisions"}],"predecessor-version":[{"id":4166,"href":"https:\/\/cusco.wordcamp.org\/2018\/wp-json\/wp\/v2\/pages\/8\/revisions\/4166"}],"wp:attachment":[{"href":"https:\/\/cusco.wordcamp.org\/2018\/wp-json\/wp\/v2\/media?parent=8"}],"curies":[{"name":"wp","href":"https:\/\/api.w.org\/{rel}","templated":true}]}}