{"id":7,"date":"2017-02-03T12:44:13","date_gmt":"2017-02-03T12:44:13","guid":{"rendered":"https:\/\/2018.cusco.wordcamp.org\/schedule\/"},"modified":"2018-08-25T21:24:29","modified_gmt":"2018-08-26T02:24:29","slug":"programa","status":"publish","type":"page","link":"https:\/\/cusco.wordcamp.org\/2018\/programa\/","title":{"rendered":"Programa"},"content":{"rendered":"<h2>S\u00e1bado, 1 de Septiembre<\/h2>\n<table class=\"wcpt-schedule\" border=\"0\"><thead><tr><th class=\"wcpt-col-time\">Hora<\/th><th class=\"wcpt-col-track\"> <span class=\"wcpt-track-name\">Auditorio<\/span> <span class=\"wcpt-track-description\"><\/span> <\/th><th class=\"wcpt-col-track\"> <span class=\"wcpt-track-name\">Sala B<\/span> <span class=\"wcpt-track-description\"><\/span> <\/th><\/tr><\/thead><tbody><tr class=\"wcpt-time-830am global-session registro-y-entrega-de-material\"><td class=\"wcpt-time\">8:30&nbsp;am<\/td><td colspan=\"2\" class=\"wcb-track-auditorio wcb-track-sala-b wcpt-session-type-custom wcb-session-registro-y-entrega-de-material\" data-track-title=\"Auditorio, Sala B\" data-session-id=\"4164\"><div class=\"wcb-session-cell-content\"><span class=\"wcpt-session-title\">Registro y entrega de material<\/span><\/div><\/td><\/tr><tr class=\"wcpt-time-915am\"><td class=\"wcpt-time\">9:15&nbsp;am<\/td><td colspan=\"1\" class=\"wcb-speaker-carlos-herrera wcb-track-auditorio wcpt-session-type-session wcb-session-pasos-para-convertirte-en-wordpress-freelancer\" data-track-title=\"Auditorio\" data-session-id=\"2167\"><div class=\"wcb-session-cell-content\"><a class=\"wcpt-session-title\" href=\"https:\/\/cusco.wordcamp.org\/2018\/session\/pasos-para-convertirte-en-wordpress-freelancer\/\">Pasos para convertirte en WordPress freelancer<\/a> <span class=\"wcpt-session-speakers\"><a href=\"https:\/\/cusco.wordcamp.org\/2018\/ponentes\/#wcorg-speaker-carlos-herrera\">Carlos Herrera<\/a><\/span><\/div><div class=\"wcb-session-favourite-icon\"><a href=\"#\" role=\"button\" class=\"fav-session-button\" aria-pressed=\"false\"><span class=\"screen-reader-text\">Sesi\u00f3n favorita: Pasos para convertirte en WordPress freelancer<\/span><span class=\"dashicons dashicons-star-filled\"><\/span><\/a><\/div><\/td><td class=\"wcpt-session-empty\"><\/td><\/tr><tr class=\"wcpt-time-1000am\"><td class=\"wcpt-time\">10:00&nbsp;am<\/td><td colspan=\"1\" class=\"wcb-speaker-matias-viera wcb-track-auditorio wcpt-session-type-session wcb-session-bo-vamo-a-cuidar-la-marca\" data-track-title=\"Auditorio\" data-session-id=\"2161\"><div class=\"wcb-session-cell-content\"><a class=\"wcpt-session-title\" href=\"https:\/\/cusco.wordcamp.org\/2018\/session\/bo-vamo-a-cuidar-la-marca\/\">Bo! Vamo\u00b4 a cuidar la marca<\/a> <span class=\"wcpt-session-speakers\"><a href=\"https:\/\/cusco.wordcamp.org\/2018\/ponentes\/#wcorg-speaker-matias-viera\">Mat\u00edas Viera<\/a><\/span><\/div><div class=\"wcb-session-favourite-icon\"><a href=\"#\" role=\"button\" class=\"fav-session-button\" aria-pressed=\"false\"><span class=\"screen-reader-text\">Sesi\u00f3n favorita: Bo! Vamo\u00b4 a cuidar la marca<\/span><span class=\"dashicons dashicons-star-filled\"><\/span><\/a><\/div><\/td><td class=\"wcpt-session-empty\"><\/td><\/tr><tr class=\"wcpt-time-1045am\"><td class=\"wcpt-time\">10:45&nbsp;am<\/td><td colspan=\"1\" class=\"wcb-speaker-oscar-hugo-paz wcb-track-auditorio wcpt-session-type-session wcb-session-ux-copy-en-wordpress-de-joyce-a-camus\" data-track-title=\"Auditorio\" data-session-id=\"3412\"><div class=\"wcb-session-cell-content\"><a class=\"wcpt-session-title\" href=\"https:\/\/cusco.wordcamp.org\/2018\/session\/ux-copy-en-wordpress-de-joyce-a-camus\/\">UX Copy en WordPress: de Joyce a Camus<\/a> <span class=\"wcpt-session-speakers\"><a href=\"https:\/\/cusco.wordcamp.org\/2018\/ponentes\/#wcorg-speaker-oscar-hugo-paz\">Oscar Hugo Paz<\/a><\/span><\/div><div class=\"wcb-session-favourite-icon\"><a href=\"#\" role=\"button\" class=\"fav-session-button\" aria-pressed=\"false\"><span class=\"screen-reader-text\">Sesi\u00f3n favorita: UX Copy en WordPress: de Joyce a Camus<\/span><span class=\"dashicons dashicons-star-filled\"><\/span><\/a><\/div><\/td><td class=\"wcpt-session-empty\"><\/td><\/tr><tr class=\"wcpt-time-1130am\"><td class=\"wcpt-time\">11:30&nbsp;am<\/td><td colspan=\"1\" class=\"wcb-speaker-alex-luna wcb-track-auditorio wcpt-session-type-session wcb-session-estrategias-de-marketing-para-tu-empresa-con-wordpress\" data-track-title=\"Auditorio\" data-session-id=\"3414\"><div class=\"wcb-session-cell-content\"><a class=\"wcpt-session-title\" href=\"https:\/\/cusco.wordcamp.org\/2018\/session\/estrategias-de-marketing-para-tu-empresa-con-wordpress\/\">Estrategias de marketing para tu empresa con WordPress<\/a> <span class=\"wcpt-session-speakers\"><a href=\"https:\/\/cusco.wordcamp.org\/2018\/ponentes\/#wcorg-speaker-alex-luna\">Alex Luna<\/a><\/span><\/div><div class=\"wcb-session-favourite-icon\"><a href=\"#\" role=\"button\" class=\"fav-session-button\" aria-pressed=\"false\"><span class=\"screen-reader-text\">Sesi\u00f3n favorita: Estrategias de marketing para tu empresa con WordPress<\/span><span class=\"dashicons dashicons-star-filled\"><\/span><\/a><\/div><\/td><td class=\"wcpt-session-empty\"><\/td><\/tr><tr class=\"wcpt-time-1215pm\"><td class=\"wcpt-time\">12:15&nbsp;pm<\/td><td colspan=\"1\" class=\"wcb-speaker-damian-suarez wcb-track-auditorio wcpt-session-type-session wcb-session-wordpress-sin-limites\" data-track-title=\"Auditorio\" data-session-id=\"2163\"><div class=\"wcb-session-cell-content\"><a class=\"wcpt-session-title\" href=\"https:\/\/cusco.wordcamp.org\/2018\/session\/wordpress-sin-limites\/\">WordPress sin l\u00edmites<\/a> <span class=\"wcpt-session-speakers\"><a href=\"https:\/\/cusco.wordcamp.org\/2018\/ponentes\/#wcorg-speaker-damian-suarez\">Dami\u00e1n Su\u00e1rez<\/a><\/span><\/div><div class=\"wcb-session-favourite-icon\"><a href=\"#\" role=\"button\" class=\"fav-session-button\" aria-pressed=\"false\"><span class=\"screen-reader-text\">Sesi\u00f3n favorita: WordPress sin l\u00edmites<\/span><span class=\"dashicons dashicons-star-filled\"><\/span><\/a><\/div><\/td><td class=\"wcpt-session-empty\"><\/td><\/tr><tr class=\"wcpt-time-100pm global-session almuerzo\"><td class=\"wcpt-time\">1:00&nbsp;pm<\/td><td colspan=\"2\" class=\"wcb-track-auditorio wcb-track-sala-b wcpt-session-type-custom wcb-session-almuerzo\" data-track-title=\"Auditorio, Sala B\" data-session-id=\"4162\"><div class=\"wcb-session-cell-content\"><span class=\"wcpt-session-title\">Almuerzo<\/span><\/div><\/td><\/tr><tr class=\"wcpt-time-215pm\"><td class=\"wcpt-time\">2:15&nbsp;pm<\/td><td colspan=\"1\" class=\"wcb-speaker-patricia-baraja-fernandez wcb-track-auditorio wcpt-session-type-session wcb-session-rgpd-para-wordpress\" data-track-title=\"Auditorio\" data-session-id=\"3416\"><div class=\"wcb-session-cell-content\"><a class=\"wcpt-session-title\" href=\"https:\/\/cusco.wordcamp.org\/2018\/session\/rgpd-para-wordpress\/\">RGPD para WordPress<\/a> <span class=\"wcpt-session-speakers\"><a href=\"https:\/\/cusco.wordcamp.org\/2018\/ponentes\/#wcorg-speaker-patricia-baraja-fernandez\">Patricia Baraja Fern\u00e1ndez<\/a><\/span><\/div><div class=\"wcb-session-favourite-icon\"><a href=\"#\" role=\"button\" class=\"fav-session-button\" aria-pressed=\"false\"><span class=\"screen-reader-text\">Sesi\u00f3n favorita: RGPD para WordPress<\/span><span class=\"dashicons dashicons-star-filled\"><\/span><\/a><\/div><\/td><td class=\"wcpt-session-empty\"><\/td><\/tr><tr class=\"wcpt-time-300pm\"><td class=\"wcpt-time\">3:00&nbsp;pm<\/td><td colspan=\"1\" class=\"wcb-speaker-edwar-javier wcb-track-auditorio wcpt-session-type-session wcb-session-academias-online-automatizadas-con-wordpress\" data-track-title=\"Auditorio\" data-session-id=\"3418\"><div class=\"wcb-session-cell-content\"><a class=\"wcpt-session-title\" href=\"https:\/\/cusco.wordcamp.org\/2018\/session\/academias-online-automatizadas-con-wordpress\/\">Academias Online Automatizadas con WordPress<\/a> <span class=\"wcpt-session-speakers\"><a href=\"https:\/\/cusco.wordcamp.org\/2018\/ponentes\/#wcorg-speaker-edwar-javier\">Edwar Javier<\/a><\/span><\/div><div class=\"wcb-session-favourite-icon\"><a href=\"#\" role=\"button\" class=\"fav-session-button\" aria-pressed=\"false\"><span class=\"screen-reader-text\">Sesi\u00f3n favorita: Academias Online Automatizadas con WordPress<\/span><span class=\"dashicons dashicons-star-filled\"><\/span><\/a><\/div><\/td><td class=\"wcpt-session-empty\"><\/td><\/tr><tr class=\"wcpt-time-345pm\"><td class=\"wcpt-time\">3:45&nbsp;pm<\/td><td colspan=\"1\" class=\"wcb-speaker-luis-alberto-gago-casas wcb-track-auditorio wcpt-session-type-session wcb-session-editarlo-todo-con-elementor\" data-track-title=\"Auditorio\" data-session-id=\"4155\"><div class=\"wcb-session-cell-content\"><a class=\"wcpt-session-title\" href=\"https:\/\/cusco.wordcamp.org\/2018\/session\/editarlo-todo-con-elementor\/\">Editarlo todo con Elementor!<\/a> <span class=\"wcpt-session-speakers\"><a href=\"https:\/\/cusco.wordcamp.org\/2018\/ponentes\/#wcorg-speaker-luis-alberto-gago-casas\">Luis Alberto Gago Casas<\/a><\/span><\/div><div class=\"wcb-session-favourite-icon\"><a href=\"#\" role=\"button\" class=\"fav-session-button\" aria-pressed=\"false\"><span class=\"screen-reader-text\">Sesi\u00f3n favorita: Editarlo todo con Elementor!<\/span><span class=\"dashicons dashicons-star-filled\"><\/span><\/a><\/div><\/td><td class=\"wcpt-session-empty\"><\/td><\/tr><tr class=\"wcpt-time-430pm\"><td class=\"wcpt-time\">4:30&nbsp;pm<\/td><td colspan=\"1\" class=\"wcb-speaker-federico-lifsichtz wcb-track-auditorio wcpt-session-type-session wcb-session-formas-de-integracion-de-redes-sociales-en-temas-wordpress\" data-track-title=\"Auditorio\" data-session-id=\"4157\"><div class=\"wcb-session-cell-content\"><a class=\"wcpt-session-title\" href=\"https:\/\/cusco.wordcamp.org\/2018\/session\/formas-de-integracion-de-redes-sociales-en-temas-wordpress\/\">Formas de Integraci\u00f3n de Redes Sociales en Temas WordPress<\/a> <span class=\"wcpt-session-speakers\"><a href=\"https:\/\/cusco.wordcamp.org\/2018\/ponentes\/#wcorg-speaker-federico-lifsichtz\">Federico Lifsichtz<\/a><\/span><\/div><div class=\"wcb-session-favourite-icon\"><a href=\"#\" role=\"button\" class=\"fav-session-button\" aria-pressed=\"false\"><span class=\"screen-reader-text\">Sesi\u00f3n favorita: Formas de Integraci\u00f3n de Redes Sociales en Temas WordPress<\/span><span class=\"dashicons dashicons-star-filled\"><\/span><\/a><\/div><\/td><td class=\"wcpt-session-empty\"><\/td><\/tr><tr class=\"wcpt-time-515pm\"><td class=\"wcpt-time\">5:15&nbsp;pm<\/td><td colspan=\"1\" class=\"wcb-speaker-fernando-alvarez wcb-track-auditorio wcpt-session-type-session wcb-session-construye-tu-tienda-en-linea-de-woocommerce-en-30-minutos\" data-track-title=\"Auditorio\" data-session-id=\"2170\"><div class=\"wcb-session-cell-content\"><a class=\"wcpt-session-title\" href=\"https:\/\/cusco.wordcamp.org\/2018\/session\/construye-tu-tienda-en-linea-de-woocommerce-en-30-minutos\/\">Construye tu tienda en l\u00ednea de WooCommerce en 30 minutos.<\/a> <span class=\"wcpt-session-speakers\"><a href=\"https:\/\/cusco.wordcamp.org\/2018\/ponentes\/#wcorg-speaker-fernando-alvarez\">Fernando Alvarez<\/a><\/span><\/div><div class=\"wcb-session-favourite-icon\"><a href=\"#\" role=\"button\" class=\"fav-session-button\" aria-pressed=\"false\"><span class=\"screen-reader-text\">Sesi\u00f3n favorita: Construye tu tienda en l\u00ednea de WooCommerce en 30 minutos.<\/span><span class=\"dashicons dashicons-star-filled\"><\/span><\/a><\/div><\/td><td class=\"wcpt-session-empty\"><\/td><\/tr><tr class=\"wcpt-time-700pm global-session after-party\"><td class=\"wcpt-time\">7:00&nbsp;pm<\/td><td colspan=\"2\" class=\"wcb-track-auditorio wcb-track-sala-b wcpt-session-type-custom wcb-session-after-party\" data-track-title=\"Auditorio, Sala B\" data-session-id=\"4183\"><div class=\"wcb-session-cell-content\"><span class=\"wcpt-session-title\">After Party<\/span><\/div><\/td><\/tr><\/tbody><\/table>\n\t<div class=\"email-form fav-session-email-form-hide\">\n\t\t<!-- Tab links -->\n\t\t<div class=\"fav-session-share-tab\">\n\t\t\t\t\t\t\t<div class=\"fav-session-tablinks\" id=\"fav-session-btn-email\">\n\t\t\t\t\tCorreo electr\u00f3nico\t\t\t\t<\/div>\n\t\t\t\n\t\t\t<div class=\"fav-session-tablinks\" id=\"fav-session-btn-link\">\n\t\t\t\tEnlace\t\t\t<\/div>\n\n\t\t\t<div class=\"fav-session-tablinks\" id=\"fav-session-btn-print\">\n\t\t\t\tImprimir\t\t\t<\/div>\n\t\t<\/div>\n\n\t\t<!-- Tab content -->\n\t\t\t\t\t<div id=\"fav-session-tab-email\" class=\"fav-session-share-tabcontent\">\n\t\t\t\t<div id=\"fav-session-email-form\">\n\t\t\t\t\tEnv\u00edame mis sesiones favoritas:\n\t\t\t\t\t<form id=\"fav-sessions-form\">\n\t\t\t\t\t\t<input\n\t\t\t\t\t\t\ttype=\"text\"\n\t\t\t\t\t\t\tname=\"email_address\"\n\t\t\t\t\t\t\tid=\"fav-sessions-email-address\"\n\t\t\t\t\t\t\tplaceholder=\"me@protonmail.com\"\n\t\t\t\t\t\t\/>\n\t\t\t\t\t\t<input type=\"submit\" value=\"Enviar\" \/>\n\t\t\t\t\t<\/form>\n\t\t\t\t<\/div>\n\n\t\t\t\t<div class=\"fav-session-email-wait-spinner\"><\/div>\n\t\t\t\t<div class=\"fav-session-email-result\"><\/div>\n\t\t\t<\/div>\n\t\t\n\t\t<div id=\"fav-session-tab-link\" class=\"fav-session-share-tabcontent\">\n\t\t\tEnlace compartible:\t\t\t<br \/>\n\t\t\t<a id=\"fav-sessions-link\" href=\"\"><\/a>\n\t\t<\/div>\n\n\t\t<div id=\"fav-session-tab-print\" class=\"fav-session-share-tabcontent\">\n\t\t\t<button id=\"fav-session-print\">\n\t\t\t\tImprimir sesiones favoritas\t\t\t<\/button>\n\t\t<\/div>\n\t<\/div>\n\n\t<a class=\"show-email-form\" href=\"javascript:\">\n\t\t<span class=\"dashicons dashicons-star-filled\"><\/span>\n\t\t<span class=\"dashicons dashicons-email-alt\"><\/span>\n\t<\/a>\n\n\t\n<h2>Domingo, 2 de Septiembre<\/h2>\n<table class=\"wcpt-schedule\" border=\"0\"><thead><tr><th class=\"wcpt-col-time\">Hora<\/th><th class=\"wcpt-col-track\"> <span class=\"wcpt-track-name\">Sala A<\/span> <span class=\"wcpt-track-description\"><\/span> <\/th><th class=\"wcpt-col-track\"> <span class=\"wcpt-track-name\">Sala B<\/span> <span class=\"wcpt-track-description\"><\/span> <\/th><\/tr><\/thead><tbody><tr class=\"wcpt-time-700pm\"><td class=\"wcpt-time\">7:00&nbsp;pm<\/td><td class=\"wcpt-session-empty\"><\/td><td colspan=\"1\" class=\"wcb-track-auditorio wcb-track-sala-b wcpt-session-type-custom wcb-session-after-party\" data-track-title=\"Auditorio, Sala B\" data-session-id=\"4183\"><div class=\"wcb-session-cell-content\"><span class=\"wcpt-session-title\">After Party<\/span><\/div><\/td><\/tr><tr class=\"wcpt-time-900am\"><td class=\"wcpt-time\">9:00&nbsp;am<\/td><td colspan=\"1\" class=\"wcb-speaker-matias-viera wcb-track-sala-a wcpt-session-type-session wcb-session-taller-2\" data-track-title=\"Sala A\" data-session-id=\"4169\"><div class=\"wcb-session-cell-content\"><a class=\"wcpt-session-title\" href=\"https:\/\/cusco.wordcamp.org\/2018\/session\/taller-2\/\">El camino del cliente<\/a> <span class=\"wcpt-session-speakers\"><a href=\"https:\/\/cusco.wordcamp.org\/2018\/ponentes\/#wcorg-speaker-matias-viera\">Mat\u00edas Viera<\/a><\/span><\/div><div class=\"wcb-session-favourite-icon\"><a href=\"#\" role=\"button\" class=\"fav-session-button\" aria-pressed=\"false\"><span class=\"screen-reader-text\">Sesi\u00f3n favorita: El camino del cliente<\/span><span class=\"dashicons dashicons-star-filled\"><\/span><\/a><\/div><\/td><td colspan=\"1\" class=\"wcb-speaker-federico-lifsichtz wcb-track-sala-b wcpt-session-type-session wcb-session-taller\" data-track-title=\"Sala B\" data-session-id=\"4167\"><div class=\"wcb-session-cell-content\"><a class=\"wcpt-session-title\" href=\"https:\/\/cusco.wordcamp.org\/2018\/session\/taller\/\">Redes Sociales en WordPress<\/a> <span class=\"wcpt-session-speakers\"><a href=\"https:\/\/cusco.wordcamp.org\/2018\/ponentes\/#wcorg-speaker-federico-lifsichtz\">Federico Lifsichtz<\/a><\/span><\/div><div class=\"wcb-session-favourite-icon\"><a href=\"#\" role=\"button\" class=\"fav-session-button\" aria-pressed=\"false\"><span class=\"screen-reader-text\">Sesi\u00f3n favorita: Redes Sociales en WordPress<\/span><span class=\"dashicons dashicons-star-filled\"><\/span><\/a><\/div><\/td><\/tr><tr class=\"wcpt-time-1100am\"><td class=\"wcpt-time\">11:00&nbsp;am<\/td><td colspan=\"1\" class=\"wcb-speaker-fernando-alvarez wcb-track-sala-a wcpt-session-type-session wcb-session-taller-3\" data-track-title=\"Sala A\" data-session-id=\"4178\"><div class=\"wcb-session-cell-content\"><a class=\"wcpt-session-title\" href=\"https:\/\/cusco.wordcamp.org\/2018\/session\/taller-3\/\">Crea tu tienda en l\u00ednea con WooCommerce<\/a> <span class=\"wcpt-session-speakers\"><a href=\"https:\/\/cusco.wordcamp.org\/2018\/ponentes\/#wcorg-speaker-fernando-alvarez\">Fernando Alvarez<\/a><\/span><\/div><div class=\"wcb-session-favourite-icon\"><a href=\"#\" role=\"button\" class=\"fav-session-button\" aria-pressed=\"false\"><span class=\"screen-reader-text\">Sesi\u00f3n favorita: Crea tu tienda en l\u00ednea con WooCommerce<\/span><span class=\"dashicons dashicons-star-filled\"><\/span><\/a><\/div><\/td><td colspan=\"1\" class=\"wcb-speaker-luis-alberto-gago-casas wcb-track-sala-b wcpt-session-type-session wcb-session-taller-4\" data-track-title=\"Sala B\" data-session-id=\"4177\"><div class=\"wcb-session-cell-content\"><a class=\"wcpt-session-title\" href=\"https:\/\/cusco.wordcamp.org\/2018\/session\/taller-4\/\">Vuelve una web est\u00e1tica en din\u00e1mica<\/a> <span class=\"wcpt-session-speakers\"><a href=\"https:\/\/cusco.wordcamp.org\/2018\/ponentes\/#wcorg-speaker-luis-alberto-gago-casas\">Luis Alberto Gago Casas<\/a><\/span><\/div><div class=\"wcb-session-favourite-icon\"><a href=\"#\" role=\"button\" class=\"fav-session-button\" aria-pressed=\"false\"><span class=\"screen-reader-text\">Sesi\u00f3n favorita: Vuelve una web est\u00e1tica en din\u00e1mica<\/span><span class=\"dashicons dashicons-star-filled\"><\/span><\/a><\/div><\/td><\/tr><\/tbody><\/table>\n","protected":false},"excerpt":{"rendered":"<p>S\u00e1bado, 1 de Septiembre Domingo, 2 de Septiembre<\/p>\n","protected":false},"author":8303482,"featured_media":0,"parent":0,"menu_order":0,"comment_status":"closed","ping_status":"closed","template":"","meta":{"jetpack_post_was_ever_published":false,"footnotes":""},"class_list":["post-7","page","type-page","status-publish","hentry"],"jetpack_sharing_enabled":true,"jetpack_shortlink":"https:\/\/wp.me\/P8mH6N-7","_links":{"self":[{"href":"https:\/\/cusco.wordcamp.org\/2018\/wp-json\/wp\/v2\/pages\/7","targetHints":{"allow":["GET"]}}],"collection":[{"href":"https:\/\/cusco.wordcamp.org\/2018\/wp-json\/wp\/v2\/pages"}],"about":[{"href":"https:\/\/cusco.wordcamp.org\/2018\/wp-json\/wp\/v2\/types\/page"}],"author":[{"embeddable":true,"href":"https:\/\/cusco.wordcamp.org\/2018\/wp-json\/wp\/v2\/users\/8303482"}],"replies":[{"embeddable":true,"href":"https:\/\/cusco.wordcamp.org\/2018\/wp-json\/wp\/v2\/comments?post=7"}],"version-history":[{"count":11,"href":"https:\/\/cusco.wordcamp.org\/2018\/wp-json\/wp\/v2\/pages\/7\/revisions"}],"predecessor-version":[{"id":4186,"href":"https:\/\/cusco.wordcamp.org\/2018\/wp-json\/wp\/v2\/pages\/7\/revisions\/4186"}],"wp:attachment":[{"href":"https:\/\/cusco.wordcamp.org\/2018\/wp-json\/wp\/v2\/media?parent=7"}],"curies":[{"name":"wp","href":"https:\/\/api.w.org\/{rel}","templated":true}]}}