{"id":13,"date":"2018-08-09T22:31:30","date_gmt":"2018-08-10T03:31:30","guid":{"rendered":"https:\/\/2018.cusco.wordcamp.org\/?page_id=13"},"modified":"2018-09-03T19:47:48","modified_gmt":"2018-09-04T00:47:48","slug":"tickets","status":"publish","type":"page","link":"https:\/\/cusco.wordcamp.org\/2018\/tickets\/","title":{"rendered":"Tickets"},"content":{"rendered":"\n<p><strong>Hola! Todas las entradas fueron vendidas, gracias a todos lo asistentes e interesados. Hasta el pr\u00f3ximo a\u00f1o!!<\/strong><\/p>\n\n\n\n<hr>\n\n\n\n<p>Si tienes alg\u00fan problema con el proceso de compra puedes adquirir tus entradas en:<\/p>\n\n\n\n<p><strong>GenUP Coworking:<br \/><\/strong><strong>Direcci\u00f3n:<\/strong> Av. Fortunato L Herrera 207, Urb. Magisterio, 1ra etapa Cusco<br \/><\/p>\n\n\n\n<p>Tambi\u00e9n puedes realizar transferencias a la siguiente cuenta de GenUP BCP<br \/>N\u00famero de Cuenta: <strong>285-2444794-0-74<\/strong><br \/>CCI: <strong>00228500244479407453<br \/><\/strong>y enviar tu datos y voucher al correo <strong>cusco@wordcamp.org<br \/><\/strong>Dudas o consultas al celular <strong>984 307 981<\/strong>\u00a0<\/p>\n\n\n<a href=\"https:\/\/cusco.wordcamp.org\/2018\/tickets\/\">Por favor, ve esta p\u00e1gina en un navegador para hacer una compra o gestionar entradas.<\/a>\n\n\n<p><\/p>\n","protected":false},"excerpt":{"rendered":"<p>Hola! Todas las entradas fueron vendidas, gracias a todos lo asistentes e interesados. Hasta el pr\u00f3ximo a\u00f1o!! Si tienes alg\u00fan problema con el proceso de compra puedes adquirir tus entradas en: GenUP Coworking:Direcci\u00f3n: Av. Fortunato L Herrera 207, Urb. Magisterio, 1ra etapa Cusco Tambi\u00e9n puedes realizar transferencias a la siguiente cuenta de GenUP BCPN\u00famero de &hellip; <\/p>\n<p class=\"link-more\"><a href=\"https:\/\/cusco.wordcamp.org\/2018\/tickets\/\" class=\"more-link\">Continuar leyendo<span class=\"screen-reader-text\"> \u00abTickets\u00bb<\/span><\/a><\/p>\n","protected":false},"author":8303482,"featured_media":0,"parent":0,"menu_order":0,"comment_status":"closed","ping_status":"closed","template":"","meta":{"jetpack_post_was_ever_published":false,"footnotes":""},"class_list":["post-13","page","type-page","status-publish","hentry"],"jetpack_sharing_enabled":true,"jetpack_shortlink":"https:\/\/wp.me\/P8mH6N-d","_links":{"self":[{"href":"https:\/\/cusco.wordcamp.org\/2018\/wp-json\/wp\/v2\/pages\/13","targetHints":{"allow":["GET"]}}],"collection":[{"href":"https:\/\/cusco.wordcamp.org\/2018\/wp-json\/wp\/v2\/pages"}],"about":[{"href":"https:\/\/cusco.wordcamp.org\/2018\/wp-json\/wp\/v2\/types\/page"}],"author":[{"embeddable":true,"href":"https:\/\/cusco.wordcamp.org\/2018\/wp-json\/wp\/v2\/users\/8303482"}],"replies":[{"embeddable":true,"href":"https:\/\/cusco.wordcamp.org\/2018\/wp-json\/wp\/v2\/comments?post=13"}],"version-history":[{"count":9,"href":"https:\/\/cusco.wordcamp.org\/2018\/wp-json\/wp\/v2\/pages\/13\/revisions"}],"predecessor-version":[{"id":4279,"href":"https:\/\/cusco.wordcamp.org\/2018\/wp-json\/wp\/v2\/pages\/13\/revisions\/4279"}],"wp:attachment":[{"href":"https:\/\/cusco.wordcamp.org\/2018\/wp-json\/wp\/v2\/media?parent=13"}],"curies":[{"name":"wp","href":"https:\/\/api.w.org\/{rel}","templated":true}]}}